{"id":1025,"date":"2021-06-21T12:33:53","date_gmt":"2021-06-21T09:33:53","guid":{"rendered":"https:\/\/www.luviland.co.uk\/index.php\/about-us\/"},"modified":"2021-08-10T10:16:45","modified_gmt":"2021-08-10T07:16:45","slug":"hakkimizda","status":"publish","type":"page","link":"https:\/\/www.luviland.co.uk\/index.php\/hakkimizda\/?lang=tr","title":{"rendered":"Hakk\u0131m\u0131zda"},"content":{"rendered":"<p>[vc_row][vc_column][vc_column_text]<\/p>\n<h3 style=\"text-align: center;\"><strong>HAKKIMIZDA<\/strong><\/h3>\n<p style=\"text-align: center;\">Luviland Limited, 95 \u00fclkede 225 noktaya hizmet veren bir sermaye platformunun par\u00e7as\u0131 olarak g\u00fc\u00e7l\u00fc bir a\u011f ile m\u00fc\u015fterilerine hizmet vermekten onur duyan bir \u015firkettir.<\/p>\n<p style=\"text-align: center;\">144 \u00fclkede orta\u011f\u0131 olan bir ba\u015fka sermaye platformunun \u00fcyesi olarak \u0130nsan ili\u015fkilerine, ortakl\u0131\u011fa, i\u015fbirli\u011fine ve ileti\u015fime verdi\u011fi \u00f6nemi g\u00f6steren Luviland Limited, kendi markalar\u0131 ile y\u00fcksek standartl\u0131 \u00e7\u0131kt\u0131lar \u00fcretmekte , bununla birlikte uluslararas\u0131 i\u015f d\u00fcnyas\u0131nda sahip oldu\u011fu bu g\u00fc\u00e7l\u00fc a\u011f\u0131 m\u00fc\u015fterilerine sundu\u011fu dan\u0131\u015fmal\u0131k hizmetleri ile T\u00fcrkiye ve D\u00fcnya ile payla\u015fmaktad\u0131r.<\/p>\n<p style=\"text-align: center;\">13 y\u0131ll\u0131k aktif \u00fcretim, ticaret ve dan\u0131\u015fmanl\u0131k ge\u00e7mi\u015fi sayesinde T\u00fcrkiye\u2019deki ve yurtd\u0131\u015f\u0131ndaki de\u011ferli T\u00fcrk ve \u0130ngiliz i\u015f adamlar\u0131n\u0131n firmalar\u0131na a\u015fa\u011f\u0131daki \u00fcr\u00fcnleri sunaca\u011f\u0131m\u0131zdan eminiz;<br \/>\n1- Dan\u0131\u015fmanl\u0131k Hizmetleri<br \/>\n2- G\u0131da ve Tar\u0131m \u00dcr\u00fcnleri ve Projeleri<\/p>\n<p style=\"text-align: center;\">Luviland Limited, Londra merkezli ve \u0130stanbul&#8217;da ba\u011flant\u0131s\u0131 olan bir Limited \u015firkettir. Firma sahibi g\u0131da m\u00fchendisi ve d\u0131\u015f ticaret &amp;yat\u0131r\u0131m dan\u0131\u015fman\u0131d\u0131r. \u0130ki farkl\u0131 fakat ba\u011flant\u0131l\u0131 i\u015f s\u00fcrecindeki uzun deneyim, Luviland Limited&#8217;in bu alandaki becerilerini geli\u015ftirmesini ve \u00fcretimden, ihracat ve pazarlamaya kadar olan s\u00fcreci iyi anlamas\u0131n\u0131 sa\u011flam\u0131\u015ft\u0131r.<\/p>\n<p style=\"text-align: center;\">Luviland Limited olarak \u015firketlerin rollerinin etkinli\u011fini s\u00fcrd\u00fcrebilmeleri i\u00e7in k\u00fcresel \u00f6l\u00e7ekte de uluslararas\u0131 a\u011fa ihtiya\u00e7 duyduklar\u0131n\u0131 biliyoruz. 13 y\u0131ld\u0131r hem i\u015f hem de b\u00fcrokratik d\u00fcnyada g\u00fc\u00e7l\u00fc a\u011f\u0131m\u0131z, k\u00fcresel a\u011f g\u00fcc\u00fcm\u00fcz sayesinde geni\u015flemi\u015f bulunmaktad\u0131r.<\/p>\n<p style=\"text-align: center;\">Ba\u011flant\u0131lar\u0131 g\u00f6rebilmek, g\u00fcn\u00fcm\u00fcz\u00fcn i\u015f d\u00fcnyas\u0131nda gerekli bir dizi beceridir. Tart\u0131\u015f\u0131lmaz di\u011fer bir ger\u00e7ek ise k\u00fclt\u00fcrleraras\u0131 bir ba\u011flamda kal\u0131plar\u0131n d\u0131\u015f\u0131nda d\u00fc\u015f\u00fcnmenin mutlak bir zorunluluk oldu\u011fudur. \u00c7\u00fcnk\u00fc farkl\u0131 bir k\u00fclt\u00fcr sizin al\u0131\u015f\u0131lagelmi\u015f \u00e7al\u0131\u015fma \u015feklinizin d\u0131\u015f\u0131nda ve \u00e7o\u011fu zaman genel standartlar\u0131n uza\u011f\u0131nda olacakt\u0131r. T\u00fcm bunlar\u0131 g\u00f6z \u00f6n\u00fcnde bulundurdu\u011fumuzda g\u00fcvenle s\u00f6yleyebiliriz ki; Luviland Limited, ki\u015fisel, e\u011fitimsel ve mesleki ilgileri ve tecr\u00fcbeleri nedeniyle T\u00fcrk, Rus ve Arap ve Avrupa k\u00fclt\u00fcrlerini iyi derecede kavram\u0131\u015ft\u0131r.<\/p>\n<p style=\"text-align: center;\">Luviland Limited, anlay\u0131\u015fl\u0131, \u00e7\u00f6z\u00fcm odakl\u0131 ve \u00f6z disiplinli bir \u015firkettir. Sonu\u00e7 odakl\u0131d\u0131r ve verilen bir i\u015fin t\u00fcm y\u00f6nlerini istenen sonu\u00e7la y\u00f6netme yetene\u011fine sahiptir.<\/p>\n<p style=\"text-align: center;\">Luviland Limited&#8217;in misyonu, m\u00fc\u015fterilerine kaliteli \u00fcr\u00fcnler sunan ve m\u00fc\u015fterilerinin ihtiya\u00e7lar\u0131 do\u011frultusunda \u00fcretim, ticaret veya yat\u0131r\u0131m i\u00e7in do\u011fru ve g\u00fcvenilir kayna\u011fa ula\u015fmalar\u0131n\u0131 tavsiye eden lider i\u015f orta\u011f\u0131 olmakt\u0131r.<\/p>\n<p>[\/vc_column_text][vc_column_text]<\/p>\n<h5 style=\"text-align: center;\"><strong>\u00d6zlem Bacak<\/strong><\/h5>\n<p style=\"text-align: center;\">Kurucu<\/p>\n<p>[\/vc_column_text][vc_single_image image=&#8221;744&#8243; alignment=&#8221;center&#8221;][vc_icon icon_fontawesome=&#8221;fab fa-linkedin&#8221; color=&#8221;black&#8221; size=&#8221;sm&#8221; align=&#8221;center&#8221; link=&#8221;url:https%3A%2F%2Ftr.linkedin.com%2Fin%2F%25C3%25B6zlem-bacak-2104232a&#8221;][\/vc_column][\/vc_row]<\/p>\n","protected":false},"excerpt":{"rendered":"<p>[vc_row][vc_column][vc_column_text] HAKKIMIZDA Luviland Limited, 95 \u00fclkede 225 noktaya hizmet veren bir sermaye platformunun par\u00e7as\u0131 olarak g\u00fc\u00e7l\u00fc bir a\u011f ile m\u00fc\u015fterilerine hizmet vermekten onur duyan bir \u015firkettir. 144 \u00fclkede orta\u011f\u0131 olan bir ba\u015fka sermaye platformunun \u00fcyesi olarak \u0130nsan ili\u015fkilerine, ortakl\u0131\u011fa, i\u015fbirli\u011fine ve ileti\u015fime verdi\u011fi \u00f6nemi g\u00f6steren Luviland Limited, kendi markalar\u0131 ile y\u00fcksek standartl\u0131 \u00e7\u0131kt\u0131lar \u00fcretmekte , [&hellip;]<\/p>\n","protected":false},"author":1,"featured_media":0,"parent":0,"menu_order":0,"comment_status":"closed","ping_status":"open","template":"","meta":{"footnotes":""},"_links":{"self":[{"href":"https:\/\/www.luviland.co.uk\/index.php\/wp-json\/wp\/v2\/pages\/1025"}],"collection":[{"href":"https:\/\/www.luviland.co.uk\/index.php\/wp-json\/wp\/v2\/pages"}],"about":[{"href":"https:\/\/www.luviland.co.uk\/index.php\/wp-json\/wp\/v2\/types\/page"}],"author":[{"embeddable":true,"href":"https:\/\/www.luviland.co.uk\/index.php\/wp-json\/wp\/v2\/users\/1"}],"replies":[{"embeddable":true,"href":"https:\/\/www.luviland.co.uk\/index.php\/wp-json\/wp\/v2\/comments?post=1025"}],"version-history":[{"count":6,"href":"https:\/\/www.luviland.co.uk\/index.php\/wp-json\/wp\/v2\/pages\/1025\/revisions"}],"predecessor-version":[{"id":1032,"href":"https:\/\/www.luviland.co.uk\/index.php\/wp-json\/wp\/v2\/pages\/1025\/revisions\/1032"}],"wp:attachment":[{"href":"https:\/\/www.luviland.co.uk\/index.php\/wp-json\/wp\/v2\/media?parent=1025"}],"curies":[{"name":"wp","href":"https:\/\/api.w.org\/{rel}","templated":true}]}}