{"id":1033,"date":"2021-07-27T16:22:39","date_gmt":"2021-07-27T13:22:39","guid":{"rendered":"https:\/\/www.luviland.co.uk\/index.php\/consulting\/"},"modified":"2021-08-10T10:40:43","modified_gmt":"2021-08-10T07:40:43","slug":"danismanlik","status":"publish","type":"page","link":"https:\/\/www.luviland.co.uk\/index.php\/danismanlik\/?lang=tr","title":{"rendered":"Dan\u0131\u015fmanl\u0131k"},"content":{"rendered":"<p>[vc_row][vc_column width=&#8221;1\/2&#8243;][vc_column_text]<\/p>\n<h3 style=\"text-align: center;\"><a href=\"https:\/\/www.luviland.co.uk\/index.php\/urun-danismanligi\/?lang=tr\">\u00dcR\u00dcN DANI\u015eMANLI\u011eI<\/a><\/h3>\n<p>[\/vc_column_text][vc_single_image image=&#8221;824&#8243; img_size=&#8221;400&#215;148&#8243; alignment=&#8221;center&#8221; onclick=&#8221;custom_link&#8221; link=&#8221;https:\/\/www.luviland.co.uk\/index.php\/urun-danismanligi\/?lang=tr&#8221;][\/vc_column][vc_column width=&#8221;1\/2&#8243;][vc_column_text]<\/p>\n<h3 style=\"text-align: center;\"><a href=\"https:\/\/www.luviland.co.uk\/index.php\/pazar-arastirmasi-danismanligi\/?lang=tr\">PAZAR ARA\u015eTIRMASI DANI\u015eMANLI\u011eI<\/a><\/h3>\n<p>[\/vc_column_text][vc_single_image image=&#8221;714&#8243; img_size=&#8221;400&#215;148&#8243; alignment=&#8221;center&#8221; onclick=&#8221;custom_link&#8221; link=&#8221;https:\/\/www.luviland.co.uk\/index.php\/pazar-arastirmasi-danismanligi\/?lang=tr&#8221;][\/vc_column][\/vc_row]<\/p>\n","protected":false},"excerpt":{"rendered":"<p>[vc_row][vc_column width=&#8221;1\/2&#8243;][vc_column_text] \u00dcR\u00dcN DANI\u015eMANLI\u011eI [\/vc_column_text][vc_single_image image=&#8221;824&#8243; img_size=&#8221;400&#215;148&#8243; alignment=&#8221;center&#8221; onclick=&#8221;custom_link&#8221; link=&#8221;https:\/\/www.luviland.co.uk\/index.php\/urun-danismanligi\/?lang=tr&#8221;][\/vc_column][vc_column width=&#8221;1\/2&#8243;][vc_column_text] PAZAR ARA\u015eTIRMASI DANI\u015eMANLI\u011eI [\/vc_column_text][vc_single_image image=&#8221;714&#8243; img_size=&#8221;400&#215;148&#8243; alignment=&#8221;center&#8221; onclick=&#8221;custom_link&#8221; link=&#8221;https:\/\/www.luviland.co.uk\/index.php\/pazar-arastirmasi-danismanligi\/?lang=tr&#8221;][\/vc_column][\/vc_row]<\/p>\n","protected":false},"author":1,"featured_media":0,"parent":0,"menu_order":0,"comment_status":"closed","ping_status":"closed","template":"","meta":{"footnotes":""},"class_list":["post-1033","page","type-page","status-publish","hentry"],"_links":{"self":[{"href":"https:\/\/www.luviland.co.uk\/index.php\/wp-json\/wp\/v2\/pages\/1033","targetHints":{"allow":["GET"]}}],"collection":[{"href":"https:\/\/www.luviland.co.uk\/index.php\/wp-json\/wp\/v2\/pages"}],"about":[{"href":"https:\/\/www.luviland.co.uk\/index.php\/wp-json\/wp\/v2\/types\/page"}],"author":[{"embeddable":true,"href":"https:\/\/www.luviland.co.uk\/index.php\/wp-json\/wp\/v2\/users\/1"}],"replies":[{"embeddable":true,"href":"https:\/\/www.luviland.co.uk\/index.php\/wp-json\/wp\/v2\/comments?post=1033"}],"version-history":[{"count":5,"href":"https:\/\/www.luviland.co.uk\/index.php\/wp-json\/wp\/v2\/pages\/1033\/revisions"}],"predecessor-version":[{"id":1050,"href":"https:\/\/www.luviland.co.uk\/index.php\/wp-json\/wp\/v2\/pages\/1033\/revisions\/1050"}],"wp:attachment":[{"href":"https:\/\/www.luviland.co.uk\/index.php\/wp-json\/wp\/v2\/media?parent=1033"}],"curies":[{"name":"wp","href":"https:\/\/api.w.org\/{rel}","templated":true}]}}