{"id":1042,"date":"2021-07-28T11:34:02","date_gmt":"2021-07-28T08:34:02","guid":{"rendered":"https:\/\/www.luviland.co.uk\/index.php\/reserch-consultancy\/"},"modified":"2021-08-10T10:32:30","modified_gmt":"2021-08-10T07:32:30","slug":"pazar-arastirmasi-danismanligi","status":"publish","type":"page","link":"https:\/\/www.luviland.co.uk\/index.php\/pazar-arastirmasi-danismanligi\/?lang=tr","title":{"rendered":"PAZAR ARA\u015eTIRMASI DANI\u015eMANLI\u011eI"},"content":{"rendered":"<p>[vc_row][vc_column][vc_column_text]<\/p>\n<h3 style=\"text-align: center;\">PAZAR ARA\u015eTIRMASI DANI\u015eMANLI\u011eI NED\u0130R?<\/h3>\n<p>&nbsp;<\/p>\n<p style=\"text-align: center;\">\u0130\u015f kurmadan \u00f6nce veya i\u015fimiz devam ederken girece\u011fimiz yeni bir pazarda \u00f6n bilgilere ihtiyac\u0131n\u0131z vard\u0131r. Bunun i\u00e7in genellikle arama motorlar\u0131ndan \u00e7evrimi\u00e7i olarak ald\u0131\u011f\u0131n\u0131z bilgiler yeterli de\u011fildir. \u00dclkelerin kendi i\u00e7 dengeleri ve \u00e7al\u0131\u015fma bi\u00e7imleri farkl\u0131 olabilir. Bu durumda \u00e7al\u0131\u015faca\u011f\u0131m\u0131z \u00fclkeyi kendi k\u00fclt\u00fcrel de\u011ferleri i\u00e7inde tan\u0131yan g\u00fcvenilir dan\u0131\u015fmanlara ihtiyac\u0131n\u0131z olur. Bu dan\u0131\u015fmanlar\u0131n \u00f6nerilerini dinlemek ve ba\u011flant\u0131lar\u0131yla ileti\u015fime ge\u00e7mek yanl\u0131\u015f bir hareket yapmamam\u0131z i\u00e7in bir \u00f6n emniyet supab\u0131 g\u00f6revi g\u00f6recektir.<\/p>\n<p style=\"text-align: center;\">Luviland Limited olarak 13 y\u0131ll\u0131k aktif \u00fcretim, ticaret ve dan\u0131\u015fmanl\u0131k ge\u00e7mi\u015fi ile bu dan\u0131\u015fmanl\u0131\u011f\u0131 T\u00fcrkiye , \u0130ngiltere ve yurtd\u0131\u015f\u0131ndaki de\u011ferli i\u015f adamlar\u0131n\u0131n \u015firketlerine sunaca\u011f\u0131m\u0131zdan eminiz.<\/p>\n<p style=\"text-align: center;\">Luviland Limited T\u00fcrkiye, Afrika, Orta Do\u011fu ve T\u00fcrk Cumhuriyetleri&#8217;ndeki i\u015fadamlar\u0131na \u0130ngiltere ve Avrupa&#8217;daki i\u015fletmelere nas\u0131l i\u015fbirli\u011fi yapacaklar\u0131 ve Luviland Limited m\u00fc\u015fterileri ile Luviland Limited k\u00fcresel a\u011f\u0131 aras\u0131nda s\u00fcrd\u00fcr\u00fclebilir ileti\u015fimi nas\u0131l kurulacaklar\u0131 konusunda bilgi, tavsiye ve rehberlik sa\u011flar.<\/p>\n<p style=\"text-align: center;\">Luviland Limited, projeleri m\u00fc\u015fterilerden gelen sorular\u0131 ele alarak y\u00fcr\u00fct\u00fcr ve Luviland A\u011f\u0131 ile ileti\u015fim kurar.<\/p>\n<p style=\"text-align: center;\">Luviland Limited T\u00fcrkiye ve \u0130ngiltere&#8217;de yat\u0131r\u0131m yapmak isteyen m\u00fc\u015fterisine kurumsal tavsiye ve rehberlik sa\u011flar.<\/p>\n<p style=\"text-align: center;\"><strong>\u00d6zel sekt\u00f6r giri\u015fimleri i\u00e7in Luviland Limited&#8217;in bilgi birikiminden ve b\u00f6lgesel uzmanl\u0131\u011f\u0131ndan yararlanmak i\u00e7in ge\u00e7 kalmay\u0131n.<\/strong><\/p>\n<p>[\/vc_column_text][\/vc_column][\/vc_row]<\/p>\n","protected":false},"excerpt":{"rendered":"<p>[vc_row][vc_column][vc_column_text] PAZAR ARA\u015eTIRMASI DANI\u015eMANLI\u011eI NED\u0130R? &nbsp; \u0130\u015f kurmadan \u00f6nce veya i\u015fimiz devam ederken girece\u011fimiz yeni bir pazarda \u00f6n bilgilere ihtiyac\u0131n\u0131z vard\u0131r. Bunun i\u00e7in genellikle arama motorlar\u0131ndan \u00e7evrimi\u00e7i olarak ald\u0131\u011f\u0131n\u0131z bilgiler yeterli de\u011fildir. \u00dclkelerin kendi i\u00e7 dengeleri ve \u00e7al\u0131\u015fma bi\u00e7imleri farkl\u0131 olabilir. Bu durumda \u00e7al\u0131\u015faca\u011f\u0131m\u0131z \u00fclkeyi kendi k\u00fclt\u00fcrel de\u011ferleri i\u00e7inde tan\u0131yan g\u00fcvenilir dan\u0131\u015fmanlara ihtiyac\u0131n\u0131z olur. Bu [&hellip;]<\/p>\n","protected":false},"author":1,"featured_media":0,"parent":0,"menu_order":0,"comment_status":"closed","ping_status":"closed","template":"","meta":{"footnotes":""},"_links":{"self":[{"href":"https:\/\/www.luviland.co.uk\/index.php\/wp-json\/wp\/v2\/pages\/1042"}],"collection":[{"href":"https:\/\/www.luviland.co.uk\/index.php\/wp-json\/wp\/v2\/pages"}],"about":[{"href":"https:\/\/www.luviland.co.uk\/index.php\/wp-json\/wp\/v2\/types\/page"}],"author":[{"embeddable":true,"href":"https:\/\/www.luviland.co.uk\/index.php\/wp-json\/wp\/v2\/users\/1"}],"replies":[{"embeddable":true,"href":"https:\/\/www.luviland.co.uk\/index.php\/wp-json\/wp\/v2\/comments?post=1042"}],"version-history":[{"count":3,"href":"https:\/\/www.luviland.co.uk\/index.php\/wp-json\/wp\/v2\/pages\/1042\/revisions"}],"predecessor-version":[{"id":1044,"href":"https:\/\/www.luviland.co.uk\/index.php\/wp-json\/wp\/v2\/pages\/1042\/revisions\/1044"}],"wp:attachment":[{"href":"https:\/\/www.luviland.co.uk\/index.php\/wp-json\/wp\/v2\/media?parent=1042"}],"curies":[{"name":"wp","href":"https:\/\/api.w.org\/{rel}","templated":true}]}}