{"id":1350,"date":"2021-07-28T16:37:00","date_gmt":"2021-07-28T13:37:00","guid":{"rendered":"https:\/\/www.luviland.co.uk\/index.php\/global-network\/"},"modified":"2021-08-10T13:00:40","modified_gmt":"2021-08-10T10:00:40","slug":"global-ag","status":"publish","type":"page","link":"https:\/\/www.luviland.co.uk\/index.php\/global-ag\/?lang=tr","title":{"rendered":"Global A\u011f"},"content":{"rendered":"<p>[vc_row][vc_column][vc_column_text]<\/p>\n<p style=\"text-align: center;\"><strong>WHY WE NEED TO NETWORK GLOBALLY <\/strong><\/p>\n<p style=\"text-align: center;\"><strong>&amp; <\/strong><\/p>\n<p style=\"text-align: center;\"><strong>WHY LUV\u0130LAND L\u0130M\u0130TED FOR GLOBAL NETWORKING ?<\/strong><\/p>\n<p>[\/vc_column_text][vc_column_text]<\/p>\n<p style=\"text-align: center;\">In the world of international trade, nothing can replace a business network. Networking allows you access to opportunities you might not be able to find on your own. Effective networking can save you time, effort and stress, so knowing how to use it effectively can be a powerful tool for your company development. Know how to give and take It is important to keep track of what the different contacts in your network can offer you.<\/p>\n<p style=\"text-align: center;\">Networking is not only about trading information, but also serves as an avenue to create long-term relationships with mutual benefits.<\/p>\n<p style=\"text-align: center;\">When organisations \u2018go global\u2019 we often think of the formal networks that need to be stretched and expanded to accommodate the increase in communication that results. What we often fail to realise is that as companies , we now need to network on a global scale as well, in order to maintain the effectiveness of our role.<\/p>\n<p style=\"text-align: center;\"><strong>Luviland Limited acts with its consultancy services as a bridge by creating links in suitable networks for your business and saves your time and money.<\/strong><\/p>\n<p>[\/vc_column_text][\/vc_column][\/vc_row][vc_row][vc_column width=&#8221;1\/2&#8243;][vc_icon icon_fontawesome=&#8221;fas fa-angle-double-down&#8221; color=&#8221;white&#8221; background_style=&#8221;rounded&#8221; background_color=&#8221;juicy_pink&#8221; align=&#8221;center&#8221;][vc_column_text]<\/p>\n<p style=\"text-align: center;\"><strong>BU\u0130LD NEW SUPPLY CHA\u0130NS<\/strong><\/p>\n<p style=\"text-align: center;\">A network is a good gateway to supply chains you may not otherwise know about. Building relationships with the biggest players in your industry will get you access to those supply chains.<\/p>\n<p style=\"text-align: center;\">This can be as a result of the lack of materials available, or even the lack of financial aid. However, good networking with high profile individuals from the same career path can serve as support whenever there is any eventuality at any time. These high profile individuals can help you manage your challenges effectively by either giving you advice or linking you to the right financial support.<\/p>\n<p style=\"text-align: center;\">Luviland Limited takes you to strong networks after evaluating your request.<\/p>\n<p>[\/vc_column_text][\/vc_column][vc_column width=&#8221;1\/2&#8243;][vc_icon icon_fontawesome=&#8221;fas fa-angle-double-down&#8221; color=&#8221;white&#8221; background_style=&#8221;rounded&#8221; background_color=&#8221;juicy_pink&#8221; align=&#8221;center&#8221;][vc_column_text]<\/p>\n<p style=\"text-align: center;\"><strong>PARTNERSH\u0130PS CAN OPEN DOORS<\/strong><\/p>\n<p style=\"text-align: center;\">Securing partnerships is critical for your company\u2019s success and growth. Searching for a trustworthy business partner doesn\u2019t have to be time-consuming and costly.<\/p>\n<p style=\"text-align: center;\">Achieving success in an increasingly competitive environment requires a business strategy that focuses on knowledge, skill, technology, innovation, and partnerships. Your success in market entry depends on the partners you choose.<\/p>\n<p style=\"text-align: center;\">In many countries, having a local partner is the key to success. It\u2019s important to find partners who understand your prospective customers\u2014 including who has the decision-making authority and how they make those decisions.<\/p>\n<p style=\"text-align: center;\"><strong>Luviland Limited gives important advice on finding the right partners.<\/strong><\/p>\n<p>[\/vc_column_text][\/vc_column][\/vc_row][vc_row][vc_column width=&#8221;1\/2&#8243;][vc_icon icon_fontawesome=&#8221;fas fa-angle-double-down&#8221; color=&#8221;white&#8221; background_style=&#8221;rounded&#8221; background_color=&#8221;juicy_pink&#8221; align=&#8221;center&#8221;][vc_column_text]<\/p>\n<p style=\"text-align: center;\"><strong>THE KEY TO SUCCESS<\/strong><\/p>\n<p style=\"text-align: center;\">Local enterprises in the partner countries alongside UK and European companies, as cooperation with international economic partners is often the key to success.<\/p>\n<p style=\"text-align: center;\"><strong>Luviland Limited brings you together with businessmen and potential partners in many countries, primarily in Turkey, Africa, the Middle East and Turkish Republics, apart from the UK and Europe.<\/strong><\/p>\n<p>[\/vc_column_text][\/vc_column][vc_column width=&#8221;1\/2&#8243;][vc_icon icon_fontawesome=&#8221;fas fa-angle-double-down&#8221; color=&#8221;white&#8221; background_style=&#8221;rounded&#8221; background_color=&#8221;juicy_pink&#8221; align=&#8221;center&#8221;][vc_column_text]<\/p>\n<p style=\"text-align: center;\"><strong>INDUSTRY CONTACTS ARE JEWEL<\/strong><\/p>\n<p style=\"text-align: center;\">Having connections in your sector will keep you apprised of global opportunities and offer chances to collaborate with companies that offer complementary services. You might even find a way to align with your competitors in cases where you can team up to offer more bandwidth or product.<\/p>\n<p style=\"text-align: center;\"><strong>Luviland Limited offers you the opportunity to reach reliable industrialists in alternative countries where you can reduce your costs.<\/strong><\/p>\n<p>[\/vc_column_text][\/vc_column][\/vc_row][vc_row][vc_column width=&#8221;1\/2&#8243;][vc_icon icon_fontawesome=&#8221;fas fa-angle-double-down&#8221; color=&#8221;white&#8221; background_style=&#8221;rounded&#8221; background_color=&#8221;juicy_pink&#8221; align=&#8221;center&#8221;][vc_column_text]<\/p>\n<p style=\"text-align: center;\"><strong>BU\u0130LD TRUST OVERSEAS FOR BUS\u0130NESS<\/strong><\/p>\n<p style=\"text-align: center;\">As a UK company, you automatically have the country\u2019s brand as a reputable and reliable supplier. But it\u2019s important to understand how best to align your own corporate culture to a new market. But dont forget to keep channels of communication open.<\/p>\n<p style=\"text-align: center;\">Understanding business etiquette and the culture of the market you\u2019d like to do business in is critical to success and it\u2019s something many business leaders fail to adequately appreciate. Doing business overseas may be different from doing business in UK for a variety of reasons. Your company may have the right product or service at the right price, but if you inadvertently offend your prospective customer or local partner by bringing up business too<br \/>\nquickly, you lose credibility and risk future business.<\/p>\n<p style=\"text-align: center;\">In relationship oriented cultures (That\u2019s everyone except Anglo-Saxons) people spend a lot more time involved in formal and particularly informal \u2018networking\u2019. Attending functions, having coffee and so on. In more tasks oriented cultures there is a tendency to only contact people when we need their input or support. This is looked on rather poorly in other cultures. Open channels may mean different things in different cultures. Increasingly the<br \/>\npersonal and the professional are becoming more and more intertwined as we work across cultural, time and distance borders. Developing your global networking skills will pay off for both you and the business.<\/p>\n<p style=\"text-align: center;\">It\u2019s also important to understand that there are cultural differences within countries.<\/p>\n<p style=\"text-align: center;\"><strong>Luviland Limited has a good grasp of the Turkish and Russian and Arabic and European cultures due to personal, educational, and professional interest.<\/strong><\/p>\n<p>[\/vc_column_text][\/vc_column][vc_column width=&#8221;1\/2&#8243;][vc_icon icon_fontawesome=&#8221;fas fa-angle-double-down&#8221; color=&#8221;white&#8221; background_style=&#8221;rounded&#8221; background_color=&#8221;juicy_pink&#8221; align=&#8221;center&#8221;][vc_column_text]<\/p>\n<p style=\"text-align: center;\"><strong>GETTING CURIOUS ABOUT THE PEOPLE YOU WORK WITH<\/strong><\/p>\n<p style=\"text-align: center;\">In the UK and a number of other countries the norm is to keep separate the personal from the professional. Being curios can be interpreted as being \u2018nosey\u2019. However outside of these cultures the norm in a large number of countries is that you need to get to know people well in order to work with them. Therefore being respectfully curios and interested in someone and in their culture always generates a positive response.<\/p>\n<p style=\"text-align: center;\">As Luviland Limited, we come from an infrastructure that has been curious about different cultures for 13 years, has experienced communication and trade with them and is eager to convey this.<\/p>\n<p>[\/vc_column_text][\/vc_column][\/vc_row][vc_row][vc_column][vc_column_text]<\/p>\n<p style=\"text-align: center;\"><em><strong>START BUILDING YOUR INTERNATIONAL BUSINESS NETWORK W\u0130TH US TODAY!<\/strong><\/em><\/p>\n<p>[\/vc_column_text][\/vc_column][\/vc_row]<\/p>\n","protected":false},"excerpt":{"rendered":"<p>[vc_row][vc_column][vc_column_text] WHY WE NEED TO NETWORK GLOBALLY &amp; WHY LUV\u0130LAND L\u0130M\u0130TED FOR GLOBAL NETWORKING ? [\/vc_column_text][vc_column_text] In the world of international trade, nothing can replace a business network. Networking allows you access to opportunities you might not be able to find on your own. Effective networking can save you time, effort and stress, so knowing [&hellip;]<\/p>\n","protected":false},"author":1,"featured_media":0,"parent":0,"menu_order":0,"comment_status":"closed","ping_status":"closed","template":"","meta":{"footnotes":""},"class_list":["post-1350","page","type-page","status-publish","hentry"],"_links":{"self":[{"href":"https:\/\/www.luviland.co.uk\/index.php\/wp-json\/wp\/v2\/pages\/1350","targetHints":{"allow":["GET"]}}],"collection":[{"href":"https:\/\/www.luviland.co.uk\/index.php\/wp-json\/wp\/v2\/pages"}],"about":[{"href":"https:\/\/www.luviland.co.uk\/index.php\/wp-json\/wp\/v2\/types\/page"}],"author":[{"embeddable":true,"href":"https:\/\/www.luviland.co.uk\/index.php\/wp-json\/wp\/v2\/users\/1"}],"replies":[{"embeddable":true,"href":"https:\/\/www.luviland.co.uk\/index.php\/wp-json\/wp\/v2\/comments?post=1350"}],"version-history":[{"count":1,"href":"https:\/\/www.luviland.co.uk\/index.php\/wp-json\/wp\/v2\/pages\/1350\/revisions"}],"predecessor-version":[{"id":1351,"href":"https:\/\/www.luviland.co.uk\/index.php\/wp-json\/wp\/v2\/pages\/1350\/revisions\/1351"}],"wp:attachment":[{"href":"https:\/\/www.luviland.co.uk\/index.php\/wp-json\/wp\/v2\/media?parent=1350"}],"curies":[{"name":"wp","href":"https:\/\/api.w.org\/{rel}","templated":true}]}}