{"id":1365,"date":"2020-10-27T05:02:56","date_gmt":"2020-10-27T05:02:56","guid":{"rendered":"https:\/\/www.luviland.co.uk\/index.php\/why-turkey\/"},"modified":"2021-08-10T14:01:05","modified_gmt":"2021-08-10T11:01:05","slug":"neden-turkiye","status":"publish","type":"page","link":"https:\/\/www.luviland.co.uk\/index.php\/neden-turkiye\/?lang=tr","title":{"rendered":"Neden T\u00fcrkiye?"},"content":{"rendered":"<p>[vc_row][vc_column][vc_column_text]<\/p>\n<h4 style=\"text-align: center;\"><strong>T\u00dcRK\u0130YE \u0130LE B\u0130RLE\u015e\u0130K KRALLIK ARASINDA K\u0130 T\u0130CARET<\/strong><\/h4>\n<p>&nbsp;<\/p>\n<p><strong>Genel Durum<\/strong><\/p>\n<p>Geleneksel olarak \u00fclkemizin \u00e7ok \u00f6nemli bir ticaret orta\u011f\u0131 olan Birle\u015fik Krall\u0131k, T\u00fcrkiye\u2019nin d\u0131\u015f ticaretinde fazla verdi\u011fi \u00fclkelerden biridir.<\/p>\n<p>Birle\u015fik Krall\u0131k \u00fclkemizin 2020 y\u0131l\u0131 ihracat\u0131nda Almanya\u2019dan sonra 2. b\u00fcy\u00fck pazard\u0131r. \u00dclke, ayn\u0131 d\u00f6n emde ithalat ger\u00e7ekle\u015ftirdi\u011fimiz 11. \u00f6nemli tedarik\u00e7i olmu\u015ftur. T\u00fcrkiye-Birle\u015fik Krall\u0131k d\u0131\u015f ticaret hacmi 2020 y\u0131l\u0131nda 16,8 milyar dolara ula\u015fm\u0131\u015ft\u0131r. 2020 y\u0131l\u0131nda Birle\u015fik Krall\u0131k\u2019a ihracat\u0131m\u0131z 11,2 milyar dolar tutar\u0131nda olup, \u00fclkenin toplam ihracat\u0131m\u0131zdaki pay\u0131 %<\/p>\n<p>6,6\u2019d\u0131r. 2020 y\u0131l\u0131nda \u00fclkeden ithalat\u0131m\u0131z 5,6 milyar dolard\u0131r. \u00dclkenin toplam ithalat\u0131m\u0131zdaki pay\u0131 ise % 2,5\u2019tir. \u00dclke ile d\u0131\u015f ticaretimizde 2020 y\u0131l\u0131nda yakla\u015f\u0131k 5,7 milyar dolar tutar\u0131nda fazla s\u00f6z konusudur.<\/p>\n<p>Birle\u015fik Krall\u0131k, Bakanl\u0131\u011f\u0131m\u0131z taraf\u0131ndan 2020-2021 d\u00f6nemi i\u00e7in belirlenen \u201cHedef \u00dclkeler\u201d aras\u0131nda yer almaktad\u0131r. Bakanl\u0131\u011f\u0131m\u0131z taraf\u0131ndan belirlenen \u201cHedef ve \u00d6ncelikli \u00dclkeler\u201d ve bu \u00fclkeler i\u00e7in ihracata y\u00f6nelik devlet yard\u0131mlar\u0131nda sa\u011flanan ilave destekler hakk\u0131nda bilgiye https:\/\/ticaret.gov.tr\/ihracat\/pazara-giris\/hedef-ve-oncelikli-ulkeler linkinden ula\u015f\u0131lmaktad\u0131r. Birle\u015fik Krall\u0131k&#8217;\u0131n AB&#8217;den ayr\u0131lmas\u0131 ve AB ile bir serbest ticaret anla\u015fmas\u0131 akdetmesi neticesinde 1 Ocak 2021 tarihi itibar\u0131 ile \u00fclkemiz ile AB aras\u0131ndaki G\u00fcmr\u00fck Birli\u011fi, BK ile ili\u015fkilerimizde ge\u00e7erlili\u011fini yitirmi\u015ftir. T\u00fcrkiye ve Birle\u015fik Krall\u0131k aras\u0131nda 29 Aral\u0131k 2020 tarihinde bir serbest ticaret anla\u015fmas\u0131 imzalanm\u0131\u015ft\u0131r. 1 Ocak 2021 tarihinde i\u015flerlik kazanan BK-T\u00fcrkiye Serbest Ticaret Anla\u015fmas\u0131, G\u00fcmr\u00fck Birli\u011fi ile getirilen kazan\u0131mlar\u0131 korumu\u015f, sanayi \u00fcr\u00fcnlerinde g\u00fcmr\u00fck vergilerini s\u0131f\u0131rlam\u0131\u015ft\u0131r. Temel tar\u0131m ve i\u015flenmi\u015f tar\u0131m \u00fcr\u00fcnlerinde AB ile mevcut tavizler \u00f6l\u00e7eklendirilerek yeni ticari ili\u015fkimize yans\u0131t\u0131lm\u0131\u015ft\u0131r. Anla\u015fma ile ayr\u0131ca, aralar\u0131nda \u00e7ikolata, \u015fekerleme, bisk\u00fcvi, \u00fcz\u00fcm sular\u0131, g\u0131da m\u00fcstahzarlar\u0131 ile taze sebze ve meyvelerin de yer ald\u0131\u011f\u0131 90 civar\u0131nda tar\u0131m ve i\u015flenmi\u015f tar\u0131m \u00fcr\u00fcn\u00fcnde, Birle\u015fik Krall\u0131k\u2019\u0131n de\u011fi\u015fen vergi yap\u0131s\u0131 uyar\u0131nca, AB ile mevcut d\u00fczenlemenin \u00f6tesine ge\u00e7ecek \u015fekilde vergi muafiyeti elde edilmi\u015ftir. Hizmet, yat\u0131r\u0131m, tar\u0131m ve i\u015flenmi\u015f tar\u0131m \u00fcr\u00fcnlerinde yeni ticari ili\u015fkiler geli\u015ftirilmesi konusunda mutabakat sa\u011flanm\u0131\u015ft\u0131r.[\/vc_column_text][vc_column_text]<\/p>\n<h4 style=\"text-align: center;\">T\u00dcRK\u0130YE&#8217;YE YATIRIM YAPMAK \u0130\u00c7\u0130N EN \u00d6NEML\u0130 NEDENLER<\/h4>\n<p>[\/vc_column_text][vc_empty_space][vc_row_inner][vc_column_inner width=&#8221;1\/2&#8243;][vc_column_text]<\/p>\n<p style=\"text-align: center;\"><strong>SA\u011eLAM EKONOM\u0130<\/strong><\/p>\n<p>[\/vc_column_text][vc_single_image image=&#8221;759&#8243; alignment=&#8221;center&#8221;][vc_column_text]<\/p>\n<p style=\"text-align: center;\">Y\u0131ll\u0131k ortalama %5,5 GSY\u0130H b\u00fcy\u00fcme oran\u0131yla d\u00fcnyan\u0131n en h\u0131zl\u0131 b\u00fcy\u00fcyen ekonomilerinden biri<\/p>\n<p>[\/vc_column_text][\/vc_column_inner][vc_column_inner width=&#8221;1\/2&#8243;][vc_column_text]<\/p>\n<p style=\"text-align: center;\"><strong>B\u00dcY\u00dcK \u0130\u00c7 VE B\u00d6LGESEL PAZARLAR<\/strong><\/p>\n<p>[\/vc_column_text][vc_single_image image=&#8221;762&#8243; alignment=&#8221;center&#8221;][vc_column_text]<\/p>\n<p style=\"text-align: center;\">B\u00fcy\u00fck i\u00e7 pazar ve 1 milyar t\u00fcketiciye eri\u015fim sa\u011flayan STA&#8217;lara sahip b\u00f6lgesel pazarlar<\/p>\n<p>[\/vc_column_text][\/vc_column_inner][\/vc_row_inner][vc_row_inner][vc_column_inner width=&#8221;1\/2&#8243;][vc_column_text]<\/p>\n<p style=\"text-align: center;\"><strong>STRATEJ\u0130K KONUM<\/strong><\/p>\n<p>[\/vc_column_text][vc_single_image image=&#8221;763&#8243; alignment=&#8221;center&#8221;][vc_column_text]<\/p>\n<p style=\"text-align: center;\">Kesintisiz global ba\u011flant\u0131ya sahip \u00e7ok uluslu \u015firketler i\u00e7in b\u00f6lgesel genel merkez<\/p>\n<p>[\/vc_column_text][\/vc_column_inner][vc_column_inner width=&#8221;1\/2&#8243;][vc_column_text]<\/p>\n<p style=\"text-align: center;\"><strong>UYGUN DEMOGRAF\u0130K YAPI<\/strong><\/p>\n<p>[\/vc_column_text][vc_single_image image=&#8221;764&#8243; alignment=&#8221;center&#8221;][vc_column_text]<\/p>\n<p style=\"text-align: center;\">Yar\u0131s\u0131 32 ya\u015f\u0131n alt\u0131nda olan gen\u00e7 ve dinamik n\u00fcfus<\/p>\n<p>[\/vc_column_text][\/vc_column_inner][\/vc_row_inner][vc_row_inner][vc_column_inner width=&#8221;1\/2&#8243;][vc_column_text]<\/p>\n<p style=\"text-align: center;\"><strong>YETENEKL\u0130 VE MAL\u0130YETL\u0130 REKABET\u00c7\u0130 \u0130\u015e G\u00dcC\u00dc<\/strong><\/p>\n<p>[\/vc_column_text][vc_single_image image=&#8221;765&#8243; alignment=&#8221;center&#8221;][vc_column_text]<\/p>\n<p style=\"text-align: center;\">Y\u00fcksek verimlili\u011fe sahip, iyi e\u011fitimli, maliyet a\u00e7\u0131s\u0131ndan rekabet\u00e7i i\u015fg\u00fcc\u00fc<\/p>\n<p>[\/vc_column_text][\/vc_column_inner][vc_column_inner width=&#8221;1\/2&#8243;][vc_column_text]<\/p>\n<p style=\"text-align: center;\"><strong>S\u00dcREKL\u0130 REFORM S\u00dcREC\u0130<\/strong><\/p>\n<p>[\/vc_column_text][vc_single_image image=&#8221;766&#8243; alignment=&#8221;center&#8221;][vc_column_text]<\/p>\n<p style=\"text-align: center;\">A\u00e7\u0131k bir kamu-\u00f6zel diyalo\u011fu sayesinde yeni nesil reformlar<\/p>\n<p>[\/vc_column_text][\/vc_column_inner][\/vc_row_inner][vc_row_inner][vc_column_inner width=&#8221;1\/2&#8243;][vc_column_text]<\/p>\n<p style=\"text-align: center;\"><strong>L\u0130BERAL YATIRIM ORTAMI<\/strong><\/p>\n<p>[\/vc_column_text][vc_single_image image=&#8221;767&#8243; alignment=&#8221;center&#8221;][vc_column_text]<\/p>\n<p style=\"text-align: center;\">DYY i\u00e7in engel yok, yat\u0131r\u0131mc\u0131lar i\u00e7in g\u00fc\u00e7l\u00fc koruma<\/p>\n<p>[\/vc_column_text][\/vc_column_inner][vc_column_inner width=&#8221;1\/2&#8243;][vc_column_text]<\/p>\n<p style=\"text-align: center;\"><strong>KAZAN\u00c7LI TE\u015eV\u0130KLER<\/strong><\/p>\n<p>[\/vc_column_text][vc_single_image image=&#8221;768&#8243; alignment=&#8221;center&#8221;][vc_column_text]<\/p>\n<p style=\"text-align: center;\">\u00d6zel ve kapsaml\u0131 te\u015fvik programlar\u0131<\/p>\n<p>[\/vc_column_text][\/vc_column_inner][\/vc_row_inner][vc_row_inner][vc_column_inner width=&#8221;1\/2&#8243;][vc_column_text]<\/p>\n<p style=\"text-align: center;\"><strong>AVANTAJLI AR-GE EKOS\u0130STEM\u0130<\/strong><\/p>\n<p>[\/vc_column_text][vc_single_image image=&#8221;769&#8243; alignment=&#8221;center&#8221;][vc_column_text]<\/p>\n<p style=\"text-align: center;\">C\u00f6mert desteklerle teknoloji geli\u015ftirme i\u00e7in m\u00fckemmel nokta<\/p>\n<p>[\/vc_column_text][\/vc_column_inner][vc_column_inner width=&#8221;1\/2&#8243;][vc_column_text]<\/p>\n<p style=\"text-align: center;\"><strong>SEKT\u00d6REL FIRSATLAR<\/strong><\/p>\n<p>[\/vc_column_text][vc_single_image image=&#8221;770&#8243; alignment=&#8221;center&#8221;][vc_column_text]<\/p>\n<p style=\"text-align: center;\">Bir\u00e7ok sekt\u00f6rde kazan\u00e7l\u0131 f\u0131rsatlarla \u00e7e\u015fitlendirilmi\u015f ekonomi<\/p>\n<p>[\/vc_column_text][\/vc_column_inner][\/vc_row_inner][\/vc_column][\/vc_row]<\/p>\n","protected":false},"excerpt":{"rendered":"<p>[vc_row][vc_column][vc_column_text] T\u00dcRK\u0130YE \u0130LE B\u0130RLE\u015e\u0130K KRALLIK ARASINDA K\u0130 T\u0130CARET &nbsp; Genel Durum Geleneksel olarak \u00fclkemizin \u00e7ok \u00f6nemli bir ticaret orta\u011f\u0131 olan Birle\u015fik Krall\u0131k, T\u00fcrkiye\u2019nin d\u0131\u015f ticaretinde fazla verdi\u011fi \u00fclkelerden biridir. Birle\u015fik Krall\u0131k \u00fclkemizin 2020 y\u0131l\u0131 ihracat\u0131nda Almanya\u2019dan sonra 2. b\u00fcy\u00fck pazard\u0131r. \u00dclke, ayn\u0131 d\u00f6n emde ithalat ger\u00e7ekle\u015ftirdi\u011fimiz 11. \u00f6nemli tedarik\u00e7i olmu\u015ftur. T\u00fcrkiye-Birle\u015fik Krall\u0131k d\u0131\u015f ticaret hacmi [&hellip;]<\/p>\n","protected":false},"author":1,"featured_media":0,"parent":0,"menu_order":0,"comment_status":"closed","ping_status":"closed","template":"","meta":{"footnotes":""},"_links":{"self":[{"href":"https:\/\/www.luviland.co.uk\/index.php\/wp-json\/wp\/v2\/pages\/1365"}],"collection":[{"href":"https:\/\/www.luviland.co.uk\/index.php\/wp-json\/wp\/v2\/pages"}],"about":[{"href":"https:\/\/www.luviland.co.uk\/index.php\/wp-json\/wp\/v2\/types\/page"}],"author":[{"embeddable":true,"href":"https:\/\/www.luviland.co.uk\/index.php\/wp-json\/wp\/v2\/users\/1"}],"replies":[{"embeddable":true,"href":"https:\/\/www.luviland.co.uk\/index.php\/wp-json\/wp\/v2\/comments?post=1365"}],"version-history":[{"count":8,"href":"https:\/\/www.luviland.co.uk\/index.php\/wp-json\/wp\/v2\/pages\/1365\/revisions"}],"predecessor-version":[{"id":1373,"href":"https:\/\/www.luviland.co.uk\/index.php\/wp-json\/wp\/v2\/pages\/1365\/revisions\/1373"}],"wp:attachment":[{"href":"https:\/\/www.luviland.co.uk\/index.php\/wp-json\/wp\/v2\/media?parent=1365"}],"curies":[{"name":"wp","href":"https:\/\/api.w.org\/{rel}","templated":true}]}}