{"id":1374,"date":"2021-07-28T18:04:04","date_gmt":"2021-07-28T15:04:04","guid":{"rendered":"https:\/\/www.luviland.co.uk\/index.php\/why-uk\/"},"modified":"2021-08-10T14:13:29","modified_gmt":"2021-08-10T11:13:29","slug":"neden-ingiltere","status":"publish","type":"page","link":"https:\/\/www.luviland.co.uk\/index.php\/neden-ingiltere\/?lang=tr","title":{"rendered":"Neden \u0130ngiltere?"},"content":{"rendered":"<p>[vc_row][vc_column][vc_column_text]<\/p>\n<ul>\n<li>Birle\u015fik Krall\u0131k, zengin ve geli\u015fmi\u015f bir \u00fclkenin sundu\u011fu pazar f\u0131rsatlar\u0131n\u0131 sunmaya gelecekte de<br \/>\ndevam edecektir.<\/li>\n<li>Di\u011fer pek \u00e7ok geli\u015fmi\u015f t\u00fcketim pazar\u0131nda oldu\u011fu gibi Birle\u015fik Krall\u0131k \u2019da da perakende sekt\u00f6r\u00fc \u00e7evrimi\u00e7i al\u0131\u015fveri\u015fin artmas\u0131, teknolojik geli\u015fmeler ve t\u00fcketicinin de\u011fi\u015fen talebi gibi nedenlerle evrim ge\u00e7irmektedir. Bu e\u011filimler da\u011f\u0131t\u0131m kanallar\u0131n\u0131 de\u011fi\u015ftirmeye devam edecektir. BK, ki\u015fi ba\u015f\u0131na d\u00fc\u015fen \u00e7evrimi\u00e7i harcamalar bak\u0131m\u0131ndan d\u00fcnyan\u0131n \u00f6nde gelen \u00fclkelerinden biridir.<\/li>\n<li>\u00dclkenin sosyolojik e\u011filimlere ba\u011fl\u0131 olarak ya\u015flanan n\u00fcfus profili sa\u011fl\u0131k hizmeti ve dinlence, bo\u015f zaman ge\u00e7irme alanlar\u0131nda talep yaratmaktad\u0131r.<\/li>\n<li>Birle\u015fik Krall\u0131k Ulusal \u0130statistik Ofisi (ONS) verilerine g\u00f6re, \u00fclkede web siteleri, tabletler ve cep telefonlar\u0131 arac\u0131l\u0131\u011f\u0131yla yap\u0131lan sat\u0131\u015flar\u0131n perakende sat\u0131\u015flar i\u00e7indeki pay\u0131, Covid-19 pandemisinin etkisi ile 2020 y\u0131l\u0131 May\u0131s ay\u0131nda % 30&#8217;a y\u00fckselmi\u015ftir. Ancak di\u011fer yandan e-ticaretin b\u00fcy\u00fcmesi, \u00f6nceki otuz y\u0131l\u0131n \u00e7o\u011funu yeni m\u00fc\u015fterilere ula\u015fmak ve sat\u0131\u015flar\u0131 art\u0131rmak amac\u0131yla yeni ma\u011fazalar a\u00e7arak ge\u00e7iren geleneksel perakendeciler i\u00e7in ciddi s\u0131k\u0131nt\u0131lar yaratmaktad\u0131r. Covid-19 d\u00f6neminde hemen hemen t\u00fcm sekt\u00f6rlerde \u00e7evrimi\u00e7i sat\u0131\u015flar artm\u0131\u015ft\u0131r. G\u0131da perakende kar marjlar\u0131ndaki d\u00fc\u015f\u00fc\u015f\u00fcn indirimli s\u00fcpermarketlerin geni\u015flemesinden kaynakland\u0131\u011f\u0131 ancak g\u0131da d\u0131\u015f\u0131 \u00fcr\u00fcnler i\u00e7in kar marjlar\u0131n\u0131n d\u00fc\u015fmesinin en \u00f6nemli sebebinin internet sat\u0131\u015flar\u0131 oldu\u011fu belirtilmektedir. Di\u011fer yandan Covid-19 nedeniyle k\u00f6t\u00fcle\u015fen perakende sekt\u00f6r\u00fcnde kapan\u0131\u015flar\u0131n h\u0131zlanaca\u011f\u0131, i\u015fg\u00fcc\u00fc maliyetlerinin de artmas\u0131yla \u00e7evrimi\u00e7i sat\u0131\u015f\u0131n perakendeciler i\u00e7in daha cazip hale gelece\u011fi hakk\u0131nda yorumlar bas\u0131nda yer alm\u0131\u015ft\u0131r.<\/li>\n<li>Trademap verilerine g\u00f6re, Birle\u015fik krall\u0131k, 2020 y\u0131l\u0131nda yakla\u015f\u0131k 400 milyar dolar ihracat ger\u00e7ekle\u015ftirilmi\u015ftir. 2020 y\u0131l\u0131nda d\u00fcnyadan ithalat yakla\u015f\u0131k 632 milyar dolar olmu\u015ftur. Baz\u0131 istisnai haller d\u0131\u015f\u0131nda d\u0131\u015f ticaret s\u00fcrekli a\u00e7\u0131k verilmektedir.<\/li>\n<li>Yat\u0131r\u0131m \u0130li\u015fkileri<br \/>\nTCMB verilerine g\u00f6re Birle\u015fik Krall\u0131k firmalar\u0131 taraf\u0131ndan T\u00fcrkiye\u2019ye yap\u0131lan do\u011frudan yabanc\u0131<br \/>\nyat\u0131r\u0131m stoku 2019 y\u0131l\u0131 itibar\u0131 ile 6,9 milyar dolard\u0131r.<br \/>\nT\u00fcrkiye\u2019ye yat\u0131r\u0131m yapan ve T\u00fcrkiye\u2019den mal tedarik eden \u00f6nemli \u0130ngiliz firmalar\u0131 bulundu\u011fu gibi Birle\u015fik Krall\u0131k\u2019ta kendi da\u011f\u0131t\u0131m ve sat\u0131\u015f kanallar\u0131n\u0131, \u015fubelerini a\u00e7m\u0131\u015f olan T\u00fcrk firmalar\u0131 da bulunmaktad\u0131r. TCMB verilerine g\u00f6re T\u00fcrk firmalar\u0131 taraf\u0131ndan Birle\u015fik Krall\u0131k\u2019a ger\u00e7ekle\u015ftirilen do\u011frudan yat\u0131r\u0131m stoku 2019 y\u0131l\u0131 itibar\u0131 ile 3,8 milyar dolard\u0131r.<br \/>\nT\u00fcrkiye\u2019deki \u0130ngiliz sermayesi altyap\u0131, enerji, g\u0131da ve turizm alanlar\u0131na y\u00f6nelmektedir. Ayr\u0131ca,<br \/>\nT\u00fcrkiye \u00fczerinden Rusya, Kafkasya ve Orta Asya Cumhuriyetlerine a\u00e7\u0131lma ihtimali de, \u0130ngiliz<br \/>\nyat\u0131r\u0131mc\u0131lar taraf\u0131ndan T\u00fcrkiye\u2019nin tercih edilmesinde \u00f6nemli bir fakt\u00f6rd\u00fcr. T\u00fcrkiye\u2019de yat\u0131r\u0131m yapan \u00f6nemli firmalar aras\u0131nda Vodafone, HSBC, TESCO (piyasadan \u00e7ekildi) ve Marks &amp; Spencer bulunmaktad\u0131r.<br \/>\nT\u00fcrk i\u015fadamlar\u0131n\u0131n sermaye birikimi genel olarak \u0130ngiltere\u2019nin kuzey b\u00f6lgesinde yo\u011funla\u015fm\u0131\u015ft\u0131r. Di\u011fer taraftan, \u00f6nde gelen T\u00fcrk firmalar\u0131n\u0131n \u0130ngiltere\u2019de da\u011f\u0131t\u0131m ve sat\u0131\u015f odakl\u0131 temsilcilikleri ve T\u00fcrk banka \u015fubeleri bulunmaktad\u0131r. Esas Holding, Opet International Ltd, Pladis Foods Limited (Y\u0131ld\u0131z Holding), Beko PLC, Vestel UK Ltd, \u0130\u015f Bankas\u0131, Ziraat Bankas\u0131, Dome Capital, Azumi Ltd. (Do\u011fu\u015f Grubu-l\u00fcks restoranc\u0131l\u0131k), Genus Ltd. (Tekstil-konfeksiyon), Vitra (UK) Ltd., Metal Yapi (UK) Ltd (Al\u00fcminyum d\u0131\u015f cephe firmas\u0131), Barsan Global Logistics Ltd, Korozo Uk Ltd (Ambalaj), Ant Yap\u0131 UK Ltd, Aster Tekstil (Tasar\u0131m ofisi ve War The Robe markal\u0131 ma\u011faza), Gamateks, ATT Tekstil (T\u00fcrkmen Holding) bunlar\u0131n \u00f6nde gelenleridir.<br \/>\n\u00c7ok say\u0131da T\u00fcrk firmas\u0131 \u0130ngiltere\u2019de ofis, ma\u011faza veya \u015fube a\u00e7maya devam etmektedir. Ayr\u0131ca her y\u0131l \u00e7ok say\u0131da T\u00fcrk firmas\u0131 \u0130ngiltere\u2019de d\u00fczenlenen fuarlara kat\u0131l\u0131m sa\u011flamaktad\u0131r.<br \/>\nhttps:\/\/ticaret.gov.tr<\/li>\n<\/ul>\n<p>[\/vc_column_text][vc_single_image image=&#8221;813&#8243; img_size=&#8221;full&#8221;][vc_single_image image=&#8221;815&#8243; img_size=&#8221;full&#8221;][vc_column_text]<\/p>\n<ul>\n<li>Avrupa Birli\u011fi ile Birle\u015fik Krall\u0131k aras\u0131nda Brexit sonras\u0131 d\u00f6nemde tesis edilecek yeni ticaret d\u00fczenine ili\u015fkin taraflar aras\u0131nda y\u00fcr\u00fct\u00fclen m\u00fczakerelerde 24 Aral\u0131k 2020 tarihinde anla\u015fmaya var\u0131lm\u0131\u015ft\u0131r. 1 Ocak 2021\u2019de y\u00fcr\u00fcrl\u00fc\u011fe giren anla\u015fmaya g\u00f6re Birle\u015fik Krall\u0131k, i\u015f ve seyahat konular\u0131nda anla\u015fmazl\u0131k olmamas\u0131 i\u00e7in Avrupa Birli\u011fi kurallar\u0131n\u0131 takip etmeye devam edecektir. Anla\u015fma ile \u00e7o\u011fu mal\u0131n g\u00fcmr\u00fcks\u00fcz ticareti garanti alt\u0131na al\u0131nm\u0131\u015f olup, iklim de\u011fi\u015fikli\u011fi, enerji, g\u00fcvenlik ve ula\u015f\u0131m gibi konularda i\u015fbirli\u011fi devam edecektir .Birle\u015fik Krall\u0131k, \u201cReady to Trade\u201d slogan\u0131 ile Brexit sonras\u0131nda 13 \u00fclke ile ticareti geli\u015ftirmeyi hedeflemektedir. \u201cReady to Trade\u201d \u00dclkeleri: TURKIYE, Meksika, Brezilya, Hindistan, \u00c7in, ABD, Kanada, Avustralya, Singapur, Birle\u015fik Arap Emirlikleri, G\u00fcney Afrika Cumhuriyeti, G\u00fcney ,Kore ve Japonya\u2019d\u0131r.<\/li>\n<\/ul>\n<p>[\/vc_column_text][\/vc_column][\/vc_row]<\/p>\n","protected":false},"excerpt":{"rendered":"<p>[vc_row][vc_column][vc_column_text] Birle\u015fik Krall\u0131k, zengin ve geli\u015fmi\u015f bir \u00fclkenin sundu\u011fu pazar f\u0131rsatlar\u0131n\u0131 sunmaya gelecekte de devam edecektir. Di\u011fer pek \u00e7ok geli\u015fmi\u015f t\u00fcketim pazar\u0131nda oldu\u011fu gibi Birle\u015fik Krall\u0131k \u2019da da perakende sekt\u00f6r\u00fc \u00e7evrimi\u00e7i al\u0131\u015fveri\u015fin artmas\u0131, teknolojik geli\u015fmeler ve t\u00fcketicinin de\u011fi\u015fen talebi gibi nedenlerle evrim ge\u00e7irmektedir. Bu e\u011filimler da\u011f\u0131t\u0131m kanallar\u0131n\u0131 de\u011fi\u015ftirmeye devam edecektir. BK, ki\u015fi ba\u015f\u0131na d\u00fc\u015fen \u00e7evrimi\u00e7i [&hellip;]<\/p>\n","protected":false},"author":1,"featured_media":0,"parent":0,"menu_order":0,"comment_status":"closed","ping_status":"closed","template":"","meta":{"footnotes":""},"_links":{"self":[{"href":"https:\/\/www.luviland.co.uk\/index.php\/wp-json\/wp\/v2\/pages\/1374"}],"collection":[{"href":"https:\/\/www.luviland.co.uk\/index.php\/wp-json\/wp\/v2\/pages"}],"about":[{"href":"https:\/\/www.luviland.co.uk\/index.php\/wp-json\/wp\/v2\/types\/page"}],"author":[{"embeddable":true,"href":"https:\/\/www.luviland.co.uk\/index.php\/wp-json\/wp\/v2\/users\/1"}],"replies":[{"embeddable":true,"href":"https:\/\/www.luviland.co.uk\/index.php\/wp-json\/wp\/v2\/comments?post=1374"}],"version-history":[{"count":3,"href":"https:\/\/www.luviland.co.uk\/index.php\/wp-json\/wp\/v2\/pages\/1374\/revisions"}],"predecessor-version":[{"id":1377,"href":"https:\/\/www.luviland.co.uk\/index.php\/wp-json\/wp\/v2\/pages\/1374\/revisions\/1377"}],"wp:attachment":[{"href":"https:\/\/www.luviland.co.uk\/index.php\/wp-json\/wp\/v2\/media?parent=1374"}],"curies":[{"name":"wp","href":"https:\/\/api.w.org\/{rel}","templated":true}]}}