{"id":9,"date":"2020-10-27T05:02:39","date_gmt":"2020-10-27T05:02:39","guid":{"rendered":"http:\/\/seodo.themezinho.net\/?page_id=9"},"modified":"2021-09-26T10:46:44","modified_gmt":"2021-09-26T07:46:44","slug":"what-we-offer","status":"publish","type":"page","link":"https:\/\/www.luviland.co.uk\/","title":{"rendered":"Home"},"content":{"rendered":"<p>[vc_row motts_theme_padding=&#8221;no&#8221; css=&#8221;.vc_custom_1603778328251{margin-right: 0px !important;margin-left: 0px !important;}&#8221;][vc_column css=&#8221;.vc_custom_1603778320534{padding-right: 0px !important;padding-left: 0px !important;}&#8221;][ts_hero_slider hero_slider=&#8221;47&#8243;][\/vc_column][\/vc_row][vc_row content_placement=&#8221;middle&#8221; motts_theme_padding=&#8221;no&#8221; use_container=&#8221;yes&#8221; css=&#8221;.vc_custom_1603961915955{padding-top: 100px !important;}&#8221;][vc_column offset=&#8221;vc_col-md-6&#8243;][ts_side_content display_button=&#8221;show&#8221; button_label=&#8221;MORE INFORMATION&#8221; button_url=&#8221;http:\/\/www.luviland.co.uk\/index.php\/global-network\/&#8221; tagline=&#8221;Welcome&#8221; title=&#8221;Agricultural seed market, whilst our farm traders&#8221; description=&#8221;Wild flowers , plants and fungi are the life support for all our wildlife and their colour and character light up our landscapes. But without our help , this priceless natural heritage is in danger of being lost.&#8221; side_content=&#8221;<\/p>\n<h2>Welcome<\/h2>\n<h6>Agricultural seed market, whilst our farm traders<\/h6>\n<p>Wild flowers , plants and fungi are the life support for all our wildlife and their colour and character light up our landscapes. But without our help , this priceless natural heritage is in danger of being lost.&#8221;]<\/p>\n<h2>Global Networking<\/h2>\n<p><strong>WHY WE NEED TO NETWORK GLOBALLY &amp; WHY LUV\u0130LAND L\u0130M\u0130TED FOR GLOBAL NETWORK\u0130NG ?<\/strong><\/p>\n<p>In the world of international trade, nothing can replace a business network. Networking allows you access to opportunities you might not be able to find on your own. Networking is not only about trading information, but also serves as an avenue to create long-term relationships with mutual benefits.[\/ts_side_content][\/vc_column][vc_column offset=&#8221;vc_col-md-6&#8243;][vc_single_image image=&#8221;687&#8243; img_size=&#8221;full&#8221; alignment=&#8221;center&#8221;][\/vc_column][\/vc_row][vc_row][vc_column][vc_empty_space][\/vc_column][\/vc_row][vc_row][vc_column width=&#8221;1\/3&#8243;][vc_column_text]<\/p>\n<h3 style=\"text-align: center;\"><strong>Why Turkey ?<\/strong><\/h3>\n<p>[\/vc_column_text][vc_single_image image=&#8221;877&#8243; img_size=&#8221;full&#8221; alignment=&#8221;center&#8221; onclick=&#8221;custom_link&#8221; link=&#8221;http:\/\/www.luviland.co.uk\/index.php\/why-turkey\/&#8221;][vc_btn title=&#8221;READ POST&#8221; style=&#8221;3d&#8221; color=&#8221;inverse&#8221; align=&#8221;center&#8221; link=&#8221;url:http%3A%2F%2Fwww.luviland.co.uk%2Findex.php%2Fwhy-turkey%2F&#8221;][\/vc_column][vc_column width=&#8221;1\/3&#8243;][vc_column_text]<\/p>\n<h3 style=\"text-align: center;\"><strong>Why UK ?<\/strong><\/h3>\n<p>[\/vc_column_text][vc_single_image image=&#8221;879&#8243; img_size=&#8221;full&#8221; alignment=&#8221;center&#8221; onclick=&#8221;custom_link&#8221; link=&#8221;http:\/\/www.luviland.co.uk\/index.php\/why-uk\/&#8221;][vc_btn title=&#8221;READ POST&#8221; style=&#8221;3d&#8221; color=&#8221;inverse&#8221; align=&#8221;center&#8221; link=&#8221;url:http%3A%2F%2Fwww.luviland.co.uk%2Findex.php%2Fwhy-uk%2F&#8221;][\/vc_column][vc_column width=&#8221;1\/3&#8243;][vc_column_text]<\/p>\n<h3 style=\"text-align: center;\"><strong>Key Sectors ?<\/strong><\/h3>\n<p>[\/vc_column_text][vc_single_image image=&#8221;893&#8243; img_size=&#8221;full&#8221; alignment=&#8221;center&#8221; onclick=&#8221;custom_link&#8221; link=&#8221;http:\/\/www.luviland.co.uk\/index.php\/key-sectors\/&#8221;][vc_btn title=&#8221;READ POST&#8221; style=&#8221;3d&#8221; color=&#8221;inverse&#8221; align=&#8221;center&#8221; link=&#8221;url:https%3A%2F%2Fwww.luviland.co.uk%2Findex.php%2Fkey-sectors%2F&#8221;][\/vc_column][\/vc_row][vc_row][vc_column width=&#8221;1\/2&#8243;][vc_column_text]<\/p>\n<h3 style=\"text-align: center;\"><strong>About Turkey ?<\/strong><\/h3>\n<p>[\/vc_column_text][vc_single_image image=&#8221;902&#8243; img_size=&#8221;full&#8221; alignment=&#8221;center&#8221; onclick=&#8221;custom_link&#8221; link=&#8221;http:\/\/www.luviland.co.uk\/index.php\/about\/&#8221;][vc_btn title=&#8221;READ POST&#8221; style=&#8221;3d&#8221; color=&#8221;inverse&#8221; align=&#8221;center&#8221; link=&#8221;url:http%3A%2F%2Fwww.luviland.co.uk%2Findex.php%2Fabout%2F&#8221;][\/vc_column][vc_column width=&#8221;1\/2&#8243;][vc_column_text]<\/p>\n<h3 style=\"text-align: center;\"><strong>About UK ?<\/strong><\/h3>\n<p>[\/vc_column_text][vc_single_image image=&#8221;878&#8243; img_size=&#8221;full&#8221; alignment=&#8221;center&#8221; onclick=&#8221;custom_link&#8221; link=&#8221;http:\/\/www.luviland.co.uk\/index.php\/about-uk\/&#8221;][vc_btn title=&#8221;READ POST&#8221; style=&#8221;3d&#8221; color=&#8221;inverse&#8221; align=&#8221;center&#8221; link=&#8221;url:http%3A%2F%2Fwww.luviland.co.uk%2Findex.php%2Fabout-uk%2F&#8221;][\/vc_column][\/vc_row][vc_row][vc_column][vc_empty_space][\/vc_column][\/vc_row][vc_row motts_theme_padding=&#8221;no&#8221; use_container=&#8221;yes&#8221; css=&#8221;.vc_custom_1603786590679{padding-bottom: 100px !important;}&#8221;][vc_column][vc_row_inner][vc_column_inner][ts_section_title shape=&#8221;&#8221; title=&#8221;Why we&#8217;re different&#8221;][\/vc_column_inner][\/vc_row_inner][vc_row_inner][vc_column_inner width=&#8221;1\/2&#8243; offset=&#8221;vc_col-md-4&#8243;][ts_icon_box icon=&#8221;1005&#8243; description=&#8221;We are a solution orientated company and act with prompts. We want to meet your expectations.&#8221;][\/vc_column_inner][vc_column_inner width=&#8221;1\/2&#8243; offset=&#8221;vc_col-md-4&#8243;][ts_icon_box icon=&#8221;1007&#8243; description=&#8221;We offer quality and certified products.&#8221;][\/vc_column_inner][vc_column_inner width=&#8221;1\/2&#8243; offset=&#8221;vc_col-md-4&#8243;][ts_icon_box icon=&#8221;1012&#8243; description=&#8221;We can realise projects that generate solutions to global problems.&#8221;][\/vc_column_inner][vc_column_inner width=&#8221;1\/2&#8243; offset=&#8221;vc_col-md-4&#8243;][ts_icon_box icon=&#8221;1014&#8243; description=&#8221;We focus on providing you with tailored and oriented products and services.&#8221;][\/vc_column_inner][vc_column_inner width=&#8221;1\/2&#8243; offset=&#8221;vc_col-md-4&#8243;][ts_icon_box icon=&#8221;1015&#8243; description=&#8221;We are experienced in the understanding of different business cultures. We have a wide network globally.&#8221;][\/vc_column_inner][vc_column_inner width=&#8221;1\/2&#8243; offset=&#8221;vc_col-md-4&#8243;][ts_icon_box icon=&#8221;1016&#8243; description=&#8221;We are always honest with you about what we can and cannot do.&#8221;][\/vc_column_inner][\/vc_row_inner][\/vc_column][\/vc_row][vc_row use_container=&#8221;yes&#8221;][vc_column][vc_row_inner][vc_column_inner width=&#8221;1\/2&#8243;][vc_wp_posts title=&#8221;Blog&#8221; number=&#8221;10&#8243;][vc_column_text]<img decoding=\"async\" loading=\"lazy\" class=\"wp-image-1021 alignleft\" src=\"https:\/\/www.luviland.co.uk\/wp-content\/uploads\/2021\/08\/blog-resim-200x300.jpeg\" alt=\"\" width=\"164\" height=\"246\" srcset=\"https:\/\/www.luviland.co.uk\/wp-content\/uploads\/2021\/08\/blog-resim-200x300.jpeg 200w, https:\/\/www.luviland.co.uk\/wp-content\/uploads\/2021\/08\/blog-resim-683x1024.jpeg 683w, https:\/\/www.luviland.co.uk\/wp-content\/uploads\/2021\/08\/blog-resim-768x1152.jpeg 768w, https:\/\/www.luviland.co.uk\/wp-content\/uploads\/2021\/08\/blog-resim.jpeg 864w\" sizes=\"(max-width: 164px) 100vw, 164px\" \/>I was born in Turkey . After graduating from High School runner up , I attended Pamukkale University Food Engineering Department and graduated from there as the 3rd degree. in the same time I started the Faculty of Business Administration as a second university . By this means , I started my business life with my diploma in two separate branches. In my adventure to reach the field that I want and I am happy, in accordance with both my professional background and the definitions in business life \u00a0 <a href=\"https:\/\/www.luviland.co.uk\/index.php\/2021\/08\/01\/hakkimizda\/\">\u00a0Read More<\/a>[\/vc_column_text][\/vc_column_inner][vc_column_inner width=&#8221;1\/2&#8243;][ts_hero_slider hero_slider=&#8221;988&#8243;][\/vc_column_inner][\/vc_row_inner][\/vc_column][\/vc_row]<\/p>\n","protected":false},"excerpt":{"rendered":"<p>[vc_row motts_theme_padding=&#8221;no&#8221; css=&#8221;.vc_custom_1603778328251{margin-right: 0px !important;margin-left: 0px !important;}&#8221;][vc_column css=&#8221;.vc_custom_1603778320534{padding-right: 0px !important;padding-left: 0px !important;}&#8221;][ts_hero_slider hero_slider=&#8221;47&#8243;][\/vc_column][\/vc_row][vc_row content_placement=&#8221;middle&#8221; motts_theme_padding=&#8221;no&#8221; use_container=&#8221;yes&#8221; css=&#8221;.vc_custom_1603961915955{padding-top: 100px !important;}&#8221;][vc_column offset=&#8221;vc_col-md-6&#8243;][ts_side_content display_button=&#8221;show&#8221; button_label=&#8221;MORE INFORMATION&#8221; button_url=&#8221;http:\/\/www.luviland.co.uk\/index.php\/global-network\/&#8221; tagline=&#8221;Welcome&#8221; title=&#8221;Agricultural seed market, whilst our farm traders&#8221; description=&#8221;Wild flowers , plants and fungi are the life support for all our wildlife and their colour and character light up our landscapes. [&hellip;]<\/p>\n","protected":false},"author":1,"featured_media":0,"parent":0,"menu_order":0,"comment_status":"closed","ping_status":"closed","template":"","meta":{"footnotes":""},"_links":{"self":[{"href":"https:\/\/www.luviland.co.uk\/index.php\/wp-json\/wp\/v2\/pages\/9"}],"collection":[{"href":"https:\/\/www.luviland.co.uk\/index.php\/wp-json\/wp\/v2\/pages"}],"about":[{"href":"https:\/\/www.luviland.co.uk\/index.php\/wp-json\/wp\/v2\/types\/page"}],"author":[{"embeddable":true,"href":"https:\/\/www.luviland.co.uk\/index.php\/wp-json\/wp\/v2\/users\/1"}],"replies":[{"embeddable":true,"href":"https:\/\/www.luviland.co.uk\/index.php\/wp-json\/wp\/v2\/comments?post=9"}],"version-history":[{"count":111,"href":"https:\/\/www.luviland.co.uk\/index.php\/wp-json\/wp\/v2\/pages\/9\/revisions"}],"predecessor-version":[{"id":1425,"href":"https:\/\/www.luviland.co.uk\/index.php\/wp-json\/wp\/v2\/pages\/9\/revisions\/1425"}],"wp:attachment":[{"href":"https:\/\/www.luviland.co.uk\/index.php\/wp-json\/wp\/v2\/media?parent=9"}],"curies":[{"name":"wp","href":"https:\/\/api.w.org\/{rel}","templated":true}]}}